{"id":13827,"date":"2021-08-23T10:40:04","date_gmt":"2021-08-23T08:40:04","guid":{"rendered":"https:\/\/www.enyter.com\/testimonianzas\/"},"modified":"2025-06-25T11:31:38","modified_gmt":"2025-06-25T09:31:38","slug":"testimonianzas","status":"publish","type":"page","link":"https:\/\/www.enyter.com\/es\/testimonianzas\/","title":{"rendered":"Testimonianzas"},"content":{"rendered":"\t\t<div data-elementor-type=\"wp-page\" data-elementor-id=\"13827\" class=\"elementor elementor-13827 elementor-9717\" data-elementor-post-type=\"page\">\n\t\t\t\t\t\t<section class=\"elementor-section elementor-top-section elementor-element elementor-element-d365456 elementor-section-full_width elementor-section-height-default elementor-section-height-default qodef-elementor-content-no\" data-id=\"d365456\" data-element_type=\"section\">\n\t\t\t\t\t\t<div class=\"elementor-container elementor-column-gap-default\">\n\t\t\t\t\t<div class=\"elementor-column elementor-col-100 elementor-top-column elementor-element elementor-element-59939ae\" data-id=\"59939ae\" data-element_type=\"column\">\n\t\t\t<div class=\"elementor-widget-wrap elementor-element-populated\">\n\t\t\t\t\t\t<div class=\"elementor-element elementor-element-2f2f057 elementor-widget elementor-widget-shortcode\" data-id=\"2f2f057\" data-element_type=\"widget\" data-widget_type=\"shortcode.default\">\n\t\t\t\t<div class=\"elementor-widget-container\">\n\t\t\t\t\t\t\t<div class=\"elementor-shortcode\">\t\t<div data-elementor-type=\"section\" data-elementor-id=\"13862\" class=\"elementor elementor-13862 elementor-9700\" data-elementor-post-type=\"elementor_library\">\n\t\t\t\t\t<section class=\"elementor-section elementor-top-section elementor-element elementor-element-5db75ea elementor-section-full_width qodef-elementor-content-grid elementor-section-height-min-height elementor-section-height-default elementor-section-items-middle\" data-id=\"5db75ea\" data-element_type=\"section\" data-settings=\"{&quot;background_background&quot;:&quot;classic&quot;}\">\n\t\t\t\t\t\t\t<div class=\"elementor-background-overlay\"><\/div>\n\t\t\t\t\t\t\t<div class=\"elementor-container elementor-column-gap-default\">\n\t\t\t\t\t<div class=\"elementor-column elementor-col-100 elementor-top-column elementor-element elementor-element-317d59d\" data-id=\"317d59d\" data-element_type=\"column\">\n\t\t\t<div class=\"elementor-widget-wrap elementor-element-populated\">\n\t\t\t\t\t\t<div class=\"elementor-element elementor-element-03df26d elementor-align-center elementor-widget elementor-widget-breadcrumbs\" data-id=\"03df26d\" data-element_type=\"widget\" data-widget_type=\"breadcrumbs.default\">\n\t\t\t\t<div class=\"elementor-widget-container\">\n\t\t\t\t\t<p id=\"breadcrumbs\"><span><span><a href=\"https:\/\/www.enyter.com\/es\/\">Inicio<\/a><\/span><\/span><\/p>\t\t\t\t<\/div>\n\t\t\t\t<\/div>\n\t\t\t\t\t<\/div>\n\t\t<\/div>\n\t\t\t\t\t<\/div>\n\t\t<\/section>\n\t\t\t\t<\/div>\n\t\t<\/div>\n\t\t\t\t\t\t<\/div>\n\t\t\t\t<\/div>\n\t\t\t\t\t<\/div>\n\t\t<\/div>\n\t\t\t\t\t<\/div>\n\t\t<\/section>\n\t\t\t\t<section class=\"elementor-section elementor-top-section elementor-element elementor-element-94700ef elementor-reverse-tablet elementor-reverse-mobile elementor-section-boxed elementor-section-height-default elementor-section-height-default qodef-elementor-content-no\" data-id=\"94700ef\" data-element_type=\"section\" data-settings=\"{&quot;background_background&quot;:&quot;classic&quot;}\">\n\t\t\t\t\t\t\t<div class=\"elementor-background-overlay\"><\/div>\n\t\t\t\t\t\t\t<div class=\"elementor-container elementor-column-gap-default\">\n\t\t\t\t\t<div class=\"elementor-column elementor-col-50 elementor-top-column elementor-element elementor-element-4e4745fd\" data-id=\"4e4745fd\" data-element_type=\"column\">\n\t\t\t<div class=\"elementor-widget-wrap elementor-element-populated\">\n\t\t\t\t\t\t<div class=\"elementor-element elementor-element-94b2d30 elementor-widget elementor-widget-image\" data-id=\"94b2d30\" data-element_type=\"widget\" data-settings=\"{&quot;motion_fx_motion_fx_scrolling&quot;:&quot;yes&quot;,&quot;motion_fx_translateY_effect&quot;:&quot;yes&quot;,&quot;motion_fx_devices&quot;:[&quot;desktop&quot;,&quot;tablet&quot;],&quot;motion_fx_translateY_speed&quot;:{&quot;unit&quot;:&quot;px&quot;,&quot;size&quot;:4,&quot;sizes&quot;:[]},&quot;motion_fx_translateY_affectedRange&quot;:{&quot;unit&quot;:&quot;%&quot;,&quot;size&quot;:&quot;&quot;,&quot;sizes&quot;:{&quot;start&quot;:0,&quot;end&quot;:100}}}\" data-widget_type=\"image.default\">\n\t\t\t\t<div class=\"elementor-widget-container\">\n\t\t\t\t\t\t\t\t\t\t\t\t\t\t\t<img fetchpriority=\"high\" decoding=\"async\" width=\"650\" height=\"600\" src=\"https:\/\/www.enyter.com\/wp-content\/uploads\/2021\/05\/enyter-experience-reussie-650x600.jpg\" class=\"attachment-cleversoft_image_size_square size-cleversoft_image_size_square wp-image-10727\" alt=\"\" \/>\t\t\t\t\t\t\t\t\t\t\t\t\t\t\t<\/div>\n\t\t\t\t<\/div>\n\t\t\t\t\t<\/div>\n\t\t<\/div>\n\t\t\t\t<div class=\"elementor-column elementor-col-50 elementor-top-column elementor-element elementor-element-1d746cb7\" data-id=\"1d746cb7\" data-element_type=\"column\">\n\t\t\t<div class=\"elementor-widget-wrap elementor-element-populated\">\n\t\t\t\t\t\t<div class=\"elementor-element elementor-element-5cd23ac5 elementor-widget elementor-widget-cleversoft_core_section_title\" data-id=\"5cd23ac5\" data-element_type=\"widget\" data-widget_type=\"cleversoft_core_section_title.default\">\n\t\t\t\t<div class=\"elementor-widget-container\">\n\t\t\t\t\t<div class=\"qodef-shortcode qodef-m  qodef-section-title qodef-alignment--left \">\n\t\t\t<h2 class=\"qodef-m-title\" >\n\t\tVuestra satisfaccion es<br \/> importante para nosotros\t\t<\/h2>\n\t\t<\/div>\t\t\t\t<\/div>\n\t\t\t\t<\/div>\n\t\t\t\t<div class=\"elementor-element elementor-element-1f5b510 elementor-widget__width-auto elementor-widget elementor-widget-text-editor\" data-id=\"1f5b510\" data-element_type=\"widget\" data-widget_type=\"text-editor.default\">\n\t\t\t\t<div class=\"elementor-widget-container\">\n\t\t\t\t\t\t\t\t\t<h5><span style=\"font-size: 17px; font-weight: 400;\">Desde 2008, m\u00e1s de 150 empresas colaboradoras han depositado su confianza en nosotros y m\u00e1s de 12.500 personas se han beneficiado de nuestros servicios.<\/span><\/h5>\n\t\t\t\t\t\t\t\t<\/div>\n\t\t\t\t<\/div>\n\t\t\t\t\t<\/div>\n\t\t<\/div>\n\t\t\t\t\t<\/div>\n\t\t<\/section>\n\t\t\t\t<section class=\"elementor-section elementor-top-section elementor-element elementor-element-6ae834e elementor-section-boxed elementor-section-height-default elementor-section-height-default qodef-elementor-content-no\" data-id=\"6ae834e\" data-element_type=\"section\" data-settings=\"{&quot;background_background&quot;:&quot;classic&quot;,&quot;shape_divider_top&quot;:&quot;tilt&quot;,&quot;shape_divider_bottom&quot;:&quot;tilt&quot;}\">\n\t\t\t\t\t\t\t<div class=\"elementor-background-overlay\"><\/div>\n\t\t\t\t\t\t<div class=\"elementor-shape elementor-shape-top\" aria-hidden=\"true\" data-negative=\"false\">\n\t\t\t<svg xmlns=\"http:\/\/www.w3.org\/2000\/svg\" viewBox=\"0 0 1000 100\" preserveAspectRatio=\"none\">\n\t<path class=\"elementor-shape-fill\" d=\"M0,6V0h1000v100L0,6z\"\/>\n<\/svg>\t\t<\/div>\n\t\t\t\t<div class=\"elementor-shape elementor-shape-bottom\" aria-hidden=\"true\" data-negative=\"false\">\n\t\t\t<svg xmlns=\"http:\/\/www.w3.org\/2000\/svg\" viewBox=\"0 0 1000 100\" preserveAspectRatio=\"none\">\n\t<path class=\"elementor-shape-fill\" d=\"M0,6V0h1000v100L0,6z\"\/>\n<\/svg>\t\t<\/div>\n\t\t\t\t\t<div class=\"elementor-container elementor-column-gap-default\">\n\t\t\t\t\t<div class=\"elementor-column elementor-col-100 elementor-top-column elementor-element elementor-element-f594cd4\" data-id=\"f594cd4\" data-element_type=\"column\" data-settings=\"{&quot;background_background&quot;:&quot;classic&quot;}\">\n\t\t\t<div class=\"elementor-widget-wrap elementor-element-populated\">\n\t\t\t\t\t\t<div class=\"elementor-element elementor-element-f6dfc63 tem-page elementor-widget elementor-widget-cleversoft_core_testimonials_list\" data-id=\"f6dfc63\" data-element_type=\"widget\" data-widget_type=\"cleversoft_core_testimonials_list.default\">\n\t\t\t\t<div class=\"elementor-widget-container\">\n\t\t\t\t\t<div class=\"qodef-shortcode qodef-m tem-acc qodef-testimonials-list  qodef-content-alignment-left qodef-grid qodef-layout--columns  qodef-gutter--large qodef-col-num--2 qodef-item-layout--info-below qodef-responsive--predefined\">\n\t<div class=\"qodef-grid-inner clear\">\n\t\t<div class=\"qodef-e qodef-grid-item\">\n\t<div class=\"qodef-e-inner\">\n\t\t<div class=\"qodef-e-content\">\n\t\t\t\t\t\t\t<h5 itemprop=\"name\" class=\"qodef-e-title entry-title\" >\n\t\tEnyter a su accompagner avec succ\u00e8s, disponibilit\u00e9, bienveillance et efficacit\u00e9 nos collaborateurs impatri\u00e9s avec parfois un cahier des charges plus que sp\u00e9cifique. Bravo ! et encore merci \u00e0 Enyter pour la qualit\u00e9 de votre suivi !!!\t<\/h5>\n\t\t\t<div class=\"qodef-e-img-author-wrapper\">\n\t\t\t\t\t\t\t\t<div class=\"qodef-e-author\">\n\t<h5 class=\"qodef-e-author-name\">\n\t\tI.D.W. Batiment\t<\/h5>\n\t<h6 class=\"qodef-e-author-job\">\n\t\t\t<\/h6>\n<\/div>\n\t\t\t<\/div>\n\t\t<\/div>\n\t<\/div>\n<\/div><div class=\"qodef-e qodef-grid-item\">\n\t<div class=\"qodef-e-inner\">\n\t\t<div class=\"qodef-e-content\">\n\t\t\t\t\t\t\t<h5 itemprop=\"name\" class=\"qodef-e-title entry-title\" >\n\t\tTuve la oportunidad de trabajar con Enyter durante varios a\u00f1os. El equipo, proactivo y atento a las necesidades de sus clientes, est\u00e1 siempre a la b\u00fasqueda de soluciones para satisfacer las demandas a veces exigentes de los impatriados. Ha sido un verdadero placer trabajar con Enyter.\t<\/h5>\n\t\t\t<div class=\"qodef-e-img-author-wrapper\">\n\t\t\t\t\t\t\t\t<div class=\"qodef-e-author\">\n\t<h5 class=\"qodef-e-author-name\">\n\t\tM-G.C. Fondation\t<\/h5>\n\t<h6 class=\"qodef-e-author-job\">\n\t\t\t<\/h6>\n<\/div>\n\t\t\t<\/div>\n\t\t<\/div>\n\t<\/div>\n<\/div><div class=\"qodef-e qodef-grid-item\">\n\t<div class=\"qodef-e-inner\">\n\t\t<div class=\"qodef-e-content\">\n\t\t\t\t\t\t\t<h5 itemprop=\"name\" class=\"qodef-e-title entry-title\" >\n\t\tEnyter avec qui je travaille depuis presque 10 ans a toujours \u00e9t\u00e9 \u00e0 nos c\u00f4t\u00e9s, peu importe l&#039;importance du dossier. Leur professionnalisme et leur r\u00e9activit\u00e9 font de Enyter l&#039;un des meilleurs services d&#039;accompagnement en mobilit\u00e9 pour les salari\u00e9s peu importe leur situation g\u00e9ographique.\t<\/h5>\n\t\t\t<div class=\"qodef-e-img-author-wrapper\">\n\t\t\t\t\t\t\t\t<div class=\"qodef-e-author\">\n\t<h5 class=\"qodef-e-author-name\">\n\t\tA.A. Industrie\t<\/h5>\n\t<h6 class=\"qodef-e-author-job\">\n\t\t\t<\/h6>\n<\/div>\n\t\t\t<\/div>\n\t\t<\/div>\n\t<\/div>\n<\/div><div class=\"qodef-e qodef-grid-item\">\n\t<div class=\"qodef-e-inner\">\n\t\t<div class=\"qodef-e-content\">\n\t\t\t\t\t\t\t<h5 itemprop=\"name\" class=\"qodef-e-title entry-title\" >\n\t\tEnyter est l&#039;interlocuteur id\u00e9al pour anticiper et g\u00e9rer tout ce qui se rapporte aux transferts, mutations, expatriations et d\u00e9m\u00e9nagements \u00e0 l&#039;international. Particuliers et entreprises gagneront \u00e0 faire appel \u00e0 leurs services et \u00e0 suivre leurs conseils toujours avis\u00e9s et prodigu\u00e9s avec humanit\u00e9 et professionnalisme.\t<\/h5>\n\t\t\t<div class=\"qodef-e-img-author-wrapper\">\n\t\t\t\t\t\t\t\t<div class=\"qodef-e-author\">\n\t<h5 class=\"qodef-e-author-name\">\n\t\tM.J.B. Consulting\t<\/h5>\n\t<h6 class=\"qodef-e-author-job\">\n\t\t\t<\/h6>\n<\/div>\n\t\t\t<\/div>\n\t\t<\/div>\n\t<\/div>\n<\/div><div class=\"qodef-e qodef-grid-item\">\n\t<div class=\"qodef-e-inner\">\n\t\t<div class=\"qodef-e-content\">\n\t\t\t\t\t\t\t<h5 itemprop=\"name\" class=\"qodef-e-title entry-title\" >\n\t\tNo hay suficientes palabras para expresar la profesionalidad, actitud positiva y calidad excepcional que ofrece el equipo de Enyter. En dos ocasiones, en medio de una pandemia, Enyter logr\u00f3 brindar una soluci\u00f3n para m\u00ed y mi esposa, mientras que todas las dem\u00e1s agencias dijeron que era imposible. Con Enyter, s\u00e9 que estoy obteniendo una tranquilidad absoluta, por eso sigo trabajando con ellos una y otra vez.\t<\/h5>\n\t\t\t<div class=\"qodef-e-img-author-wrapper\">\n\t\t\t\t\t\t\t\t<div class=\"qodef-e-author\">\n\t<h5 class=\"qodef-e-author-name\">\n\t\tK.D.A. Consulting\t<\/h5>\n\t<h6 class=\"qodef-e-author-job\">\n\t\tEmpleado\t<\/h6>\n<\/div>\n\t\t\t<\/div>\n\t\t<\/div>\n\t<\/div>\n<\/div><div class=\"qodef-e qodef-grid-item\">\n\t<div class=\"qodef-e-inner\">\n\t\t<div class=\"qodef-e-content\">\n\t\t\t\t\t\t\t<h5 itemprop=\"name\" class=\"qodef-e-title entry-title\" >\n\t\tJe suis tr\u00e8s satisfait de l\u2019assistance et la bienveillance de Enyter dans un contexte o\u00f9 le COVID a compliqu\u00e9 tr\u00e8s s\u00e9rieusement le process d\u2019obtention de visa par l\u2019Ambassade de Chine. J\u2019ai surtout appr\u00e9ci\u00e9 la disponibilit\u00e9 et la r\u00e9activit\u00e9 de Enyter y compris pour nous accompagner pour les d\u00e9marches plus personnelles d\u2019obtention des health passports. Toujours \u00e0 la recherche de solutions. Merci!\t<\/h5>\n\t\t\t<div class=\"qodef-e-img-author-wrapper\">\n\t\t\t\t\t\t\t\t<div class=\"qodef-e-author\">\n\t<h5 class=\"qodef-e-author-name\">\n\t\tB.P. Haute Technologie\t<\/h5>\n\t<h6 class=\"qodef-e-author-job\">\n\t\tEmpleado\t<\/h6>\n<\/div>\n\t\t\t<\/div>\n\t\t<\/div>\n\t<\/div>\n<\/div>\t<\/div>\n<\/div>\t\t\t\t<\/div>\n\t\t\t\t<\/div>\n\t\t\t\t\t<\/div>\n\t\t<\/div>\n\t\t\t\t\t<\/div>\n\t\t<\/section>\n\t\t\t\t<section class=\"elementor-section elementor-top-section elementor-element elementor-element-757529c elementor-section-boxed elementor-section-height-default elementor-section-height-default qodef-elementor-content-no\" data-id=\"757529c\" data-element_type=\"section\" data-settings=\"{&quot;background_background&quot;:&quot;classic&quot;,&quot;animation&quot;:&quot;none&quot;}\">\n\t\t\t\t\t\t\t<div class=\"elementor-background-overlay\"><\/div>\n\t\t\t\t\t\t\t<div class=\"elementor-container elementor-column-gap-default\">\n\t\t\t\t\t<div class=\"elementor-column elementor-col-100 elementor-top-column elementor-element elementor-element-349b027\" data-id=\"349b027\" data-element_type=\"column\">\n\t\t\t<div class=\"elementor-widget-wrap elementor-element-populated\">\n\t\t\t\t\t\t<div class=\"elementor-element elementor-element-9d58037 elementor-widget elementor-widget-cleversoft_core_call_to_action\" data-id=\"9d58037\" data-element_type=\"widget\" data-widget_type=\"cleversoft_core_call_to_action.default\">\n\t\t\t\t<div class=\"elementor-widget-container\">\n\t\t\t\t\t<div class=\"qodef-shortcode qodef-m  qodef-call-to-action qodef-layout--standard qodef-style--stretched qodef-cta--boxed qodef-skin--dark\">\n\t<div class=\"qodef-m-inner\">\n\t\t\t<div class=\"qodef-m-content\"><h5><span style=\"color: #ffffff;\">Ve m\u00e1s all\u00e1, seguimos tus movimientos<\/span><\/h5><\/div>\n\t\t\t<div class=\"qodef-m-button\">\n\t\t<a class=\"qodef-shortcode qodef-m  qodef-button qodef-layout--filled qodef-size--large qodef-button-icon--yes qodef-html--link\" href=\"https:\/\/www.enyter.com\/es\/nuestros-servicios\/\" target=\"_self\" data-hover-color=\"#FFFFFF\" data-hover-background-color=\"#E6A415\" style=\"color: #FFFFFF;background-color: #FCB315\">\t<span class=\"qodef-m-text\">Descubra nuestros servicios<\/span>\t\t\t<span class=\"qodef-shortcode qodef-m  qodef-icon-holder qodef-size--default qodef-layout--normal\"  style=\"top: 2px\">\t        <span class=\"qodef-icon-elegant-icons arrow_right qodef-icon qodef-e\" style=\"\" ><\/span>    <\/span>\t\t<span class=\"qodef-shortcode qodef-m  qodef-icon-holder qodef-size--default qodef-layout--normal\"  style=\"top: 2px\">\t        <span class=\"qodef-icon-elegant-icons arrow_right qodef-icon qodef-e\" style=\"\" ><\/span>    <\/span>\t<\/a>\t<\/div>\n\t<\/div>\n<\/div>\t\t\t\t<\/div>\n\t\t\t\t<\/div>\n\t\t\t\t\t<\/div>\n\t\t<\/div>\n\t\t\t\t\t<\/div>\n\t\t<\/section>\n\t\t\t\t<\/div>\n\t\t","protected":false},"excerpt":{"rendered":"<p>Vuestra satisfaccion es importante para nosotros Desde 2008, m\u00e1s de 150 empresas colaboradoras han depositado su confianza en nosotros y m\u00e1s de 12.500 personas se han beneficiado de nuestros servicios. Je suis tr\u00e8s satisfait de l\u2019assistance et la bienveillance de Enyter dans un contexte o\u00f9 le COVID a compliqu\u00e9 tr\u00e8s s\u00e9rieusement le process d\u2019obtention de [&hellip;]<\/p>\n","protected":false},"author":2,"featured_media":0,"parent":0,"menu_order":0,"comment_status":"closed","ping_status":"closed","template":"page-full-width.php","meta":{"footnotes":""},"class_list":["post-13827","page","type-page","status-publish","hentry"],"yoast_head":"<!-- This site is optimized with the Yoast SEO plugin v27.5 - https:\/\/yoast.com\/product\/yoast-seo-wordpress\/ -->\n<title>Testimonianzas - Enyter<\/title>\n<meta name=\"robots\" content=\"index, follow, max-snippet:-1, max-image-preview:large, max-video-preview:-1\" \/>\n<link rel=\"canonical\" href=\"https:\/\/www.enyter.com\/es\/testimonianzas\/\" \/>\n<meta property=\"og:locale\" content=\"es_ES\" \/>\n<meta property=\"og:type\" content=\"article\" \/>\n<meta property=\"og:title\" content=\"Testimonianzas - Enyter\" \/>\n<meta property=\"og:description\" content=\"Vuestra satisfaccion es importante para nosotros Desde 2008, m\u00e1s de 150 empresas colaboradoras han depositado su confianza en nosotros y m\u00e1s de 12.500 personas se han beneficiado de nuestros servicios. Je suis tr\u00e8s satisfait de l\u2019assistance et la bienveillance de Enyter dans un contexte o\u00f9 le COVID a compliqu\u00e9 tr\u00e8s s\u00e9rieusement le process d\u2019obtention de [&hellip;]\" \/>\n<meta property=\"og:url\" content=\"https:\/\/www.enyter.com\/es\/testimonianzas\/\" \/>\n<meta property=\"og:site_name\" content=\"Enyter\" \/>\n<meta property=\"article:modified_time\" content=\"2025-06-25T09:31:38+00:00\" \/>\n<meta property=\"og:image\" content=\"https:\/\/www.enyter.com\/wp-content\/uploads\/2021\/05\/enyter-experience-reussie-650x600.jpg\" \/>\n<meta name=\"twitter:card\" content=\"summary_large_image\" \/>\n<meta name=\"twitter:label1\" content=\"Tiempo de lectura\" \/>\n\t<meta name=\"twitter:data1\" content=\"2 minutos\" \/>\n<script type=\"application\/ld+json\" class=\"yoast-schema-graph\">{\"@context\":\"https:\\\/\\\/schema.org\",\"@graph\":[{\"@type\":\"WebPage\",\"@id\":\"https:\\\/\\\/www.enyter.com\\\/es\\\/testimonianzas\\\/\",\"url\":\"https:\\\/\\\/www.enyter.com\\\/es\\\/testimonianzas\\\/\",\"name\":\"Testimonianzas - Enyter\",\"isPartOf\":{\"@id\":\"https:\\\/\\\/www.enyter.com\\\/es\\\/#website\"},\"primaryImageOfPage\":{\"@id\":\"https:\\\/\\\/www.enyter.com\\\/es\\\/testimonianzas\\\/#primaryimage\"},\"image\":{\"@id\":\"https:\\\/\\\/www.enyter.com\\\/es\\\/testimonianzas\\\/#primaryimage\"},\"thumbnailUrl\":\"https:\\\/\\\/www.enyter.com\\\/wp-content\\\/uploads\\\/2021\\\/05\\\/enyter-experience-reussie-650x600.jpg\",\"datePublished\":\"2021-08-23T08:40:04+00:00\",\"dateModified\":\"2025-06-25T09:31:38+00:00\",\"breadcrumb\":{\"@id\":\"https:\\\/\\\/www.enyter.com\\\/es\\\/testimonianzas\\\/#breadcrumb\"},\"inLanguage\":\"es\",\"potentialAction\":[{\"@type\":\"ReadAction\",\"target\":[\"https:\\\/\\\/www.enyter.com\\\/es\\\/testimonianzas\\\/\"]}]},{\"@type\":\"ImageObject\",\"inLanguage\":\"es\",\"@id\":\"https:\\\/\\\/www.enyter.com\\\/es\\\/testimonianzas\\\/#primaryimage\",\"url\":\"https:\\\/\\\/www.enyter.com\\\/wp-content\\\/uploads\\\/2021\\\/05\\\/enyter-experience-reussie-650x600.jpg\",\"contentUrl\":\"https:\\\/\\\/www.enyter.com\\\/wp-content\\\/uploads\\\/2021\\\/05\\\/enyter-experience-reussie-650x600.jpg\"},{\"@type\":\"BreadcrumbList\",\"@id\":\"https:\\\/\\\/www.enyter.com\\\/es\\\/testimonianzas\\\/#breadcrumb\",\"itemListElement\":[{\"@type\":\"ListItem\",\"position\":1,\"name\":\"Inicio\",\"item\":\"https:\\\/\\\/www.enyter.com\\\/es\\\/\"},{\"@type\":\"ListItem\",\"position\":2,\"name\":\"Testimonianzas\"}]},{\"@type\":\"WebSite\",\"@id\":\"https:\\\/\\\/www.enyter.com\\\/es\\\/#website\",\"url\":\"https:\\\/\\\/www.enyter.com\\\/es\\\/\",\"name\":\"Enyter\",\"description\":\"Sp\u00e9cialiste de la mobilit\u00e9\",\"potentialAction\":[{\"@type\":\"SearchAction\",\"target\":{\"@type\":\"EntryPoint\",\"urlTemplate\":\"https:\\\/\\\/www.enyter.com\\\/es\\\/?s={search_term_string}\"},\"query-input\":{\"@type\":\"PropertyValueSpecification\",\"valueRequired\":true,\"valueName\":\"search_term_string\"}}],\"inLanguage\":\"es\"}]}<\/script>\n<!-- \/ Yoast SEO plugin. -->","yoast_head_json":{"title":"Testimonianzas - Enyter","robots":{"index":"index","follow":"follow","max-snippet":"max-snippet:-1","max-image-preview":"max-image-preview:large","max-video-preview":"max-video-preview:-1"},"canonical":"https:\/\/www.enyter.com\/es\/testimonianzas\/","og_locale":"es_ES","og_type":"article","og_title":"Testimonianzas - Enyter","og_description":"Vuestra satisfaccion es importante para nosotros Desde 2008, m\u00e1s de 150 empresas colaboradoras han depositado su confianza en nosotros y m\u00e1s de 12.500 personas se han beneficiado de nuestros servicios. Je suis tr\u00e8s satisfait de l\u2019assistance et la bienveillance de Enyter dans un contexte o\u00f9 le COVID a compliqu\u00e9 tr\u00e8s s\u00e9rieusement le process d\u2019obtention de [&hellip;]","og_url":"https:\/\/www.enyter.com\/es\/testimonianzas\/","og_site_name":"Enyter","article_modified_time":"2025-06-25T09:31:38+00:00","og_image":[{"url":"https:\/\/www.enyter.com\/wp-content\/uploads\/2021\/05\/enyter-experience-reussie-650x600.jpg","type":"","width":"","height":""}],"twitter_card":"summary_large_image","twitter_misc":{"Tiempo de lectura":"2 minutos"},"schema":{"@context":"https:\/\/schema.org","@graph":[{"@type":"WebPage","@id":"https:\/\/www.enyter.com\/es\/testimonianzas\/","url":"https:\/\/www.enyter.com\/es\/testimonianzas\/","name":"Testimonianzas - Enyter","isPartOf":{"@id":"https:\/\/www.enyter.com\/es\/#website"},"primaryImageOfPage":{"@id":"https:\/\/www.enyter.com\/es\/testimonianzas\/#primaryimage"},"image":{"@id":"https:\/\/www.enyter.com\/es\/testimonianzas\/#primaryimage"},"thumbnailUrl":"https:\/\/www.enyter.com\/wp-content\/uploads\/2021\/05\/enyter-experience-reussie-650x600.jpg","datePublished":"2021-08-23T08:40:04+00:00","dateModified":"2025-06-25T09:31:38+00:00","breadcrumb":{"@id":"https:\/\/www.enyter.com\/es\/testimonianzas\/#breadcrumb"},"inLanguage":"es","potentialAction":[{"@type":"ReadAction","target":["https:\/\/www.enyter.com\/es\/testimonianzas\/"]}]},{"@type":"ImageObject","inLanguage":"es","@id":"https:\/\/www.enyter.com\/es\/testimonianzas\/#primaryimage","url":"https:\/\/www.enyter.com\/wp-content\/uploads\/2021\/05\/enyter-experience-reussie-650x600.jpg","contentUrl":"https:\/\/www.enyter.com\/wp-content\/uploads\/2021\/05\/enyter-experience-reussie-650x600.jpg"},{"@type":"BreadcrumbList","@id":"https:\/\/www.enyter.com\/es\/testimonianzas\/#breadcrumb","itemListElement":[{"@type":"ListItem","position":1,"name":"Inicio","item":"https:\/\/www.enyter.com\/es\/"},{"@type":"ListItem","position":2,"name":"Testimonianzas"}]},{"@type":"WebSite","@id":"https:\/\/www.enyter.com\/es\/#website","url":"https:\/\/www.enyter.com\/es\/","name":"Enyter","description":"Sp\u00e9cialiste de la mobilit\u00e9","potentialAction":[{"@type":"SearchAction","target":{"@type":"EntryPoint","urlTemplate":"https:\/\/www.enyter.com\/es\/?s={search_term_string}"},"query-input":{"@type":"PropertyValueSpecification","valueRequired":true,"valueName":"search_term_string"}}],"inLanguage":"es"}]}},"_links":{"self":[{"href":"https:\/\/www.enyter.com\/es\/wp-json\/wp\/v2\/pages\/13827","targetHints":{"allow":["GET"]}}],"collection":[{"href":"https:\/\/www.enyter.com\/es\/wp-json\/wp\/v2\/pages"}],"about":[{"href":"https:\/\/www.enyter.com\/es\/wp-json\/wp\/v2\/types\/page"}],"author":[{"embeddable":true,"href":"https:\/\/www.enyter.com\/es\/wp-json\/wp\/v2\/users\/2"}],"replies":[{"embeddable":true,"href":"https:\/\/www.enyter.com\/es\/wp-json\/wp\/v2\/comments?post=13827"}],"version-history":[{"count":2,"href":"https:\/\/www.enyter.com\/es\/wp-json\/wp\/v2\/pages\/13827\/revisions"}],"predecessor-version":[{"id":14984,"href":"https:\/\/www.enyter.com\/es\/wp-json\/wp\/v2\/pages\/13827\/revisions\/14984"}],"wp:attachment":[{"href":"https:\/\/www.enyter.com\/es\/wp-json\/wp\/v2\/media?parent=13827"}],"curies":[{"name":"wp","href":"https:\/\/api.w.org\/{rel}","templated":true}]}}