{"id":13963,"date":"2021-08-23T15:33:56","date_gmt":"2021-08-23T13:33:56","guid":{"rendered":"https:\/\/www.enyter.com\/carrera\/"},"modified":"2021-08-30T18:21:15","modified_gmt":"2021-08-30T16:21:15","slug":"oferta-de-trabajo","status":"publish","type":"page","link":"https:\/\/www.enyter.com\/es\/oferta-de-trabajo\/","title":{"rendered":"Oferta de trabajo"},"content":{"rendered":"\t\t<div data-elementor-type=\"wp-page\" data-elementor-id=\"13963\" class=\"elementor elementor-13963 elementor-12434\" data-elementor-post-type=\"page\">\n\t\t\t\t\t\t<section class=\"elementor-section elementor-top-section elementor-element elementor-element-ba92656 elementor-section-full_width elementor-section-height-default elementor-section-height-default qodef-elementor-content-no\" data-id=\"ba92656\" data-element_type=\"section\">\n\t\t\t\t\t\t<div class=\"elementor-container elementor-column-gap-default\">\n\t\t\t\t\t<div class=\"elementor-column elementor-col-100 elementor-top-column elementor-element elementor-element-967815e\" data-id=\"967815e\" data-element_type=\"column\">\n\t\t\t<div class=\"elementor-widget-wrap elementor-element-populated\">\n\t\t\t\t\t\t<div class=\"elementor-element elementor-element-e7e29e8 elementor-widget elementor-widget-shortcode\" data-id=\"e7e29e8\" data-element_type=\"widget\" data-widget_type=\"shortcode.default\">\n\t\t\t\t<div class=\"elementor-widget-container\">\n\t\t\t\t\t\t\t<div class=\"elementor-shortcode\">\t\t<div data-elementor-type=\"page\" data-elementor-id=\"13905\" class=\"elementor elementor-13905 elementor-13715\" data-elementor-post-type=\"elementor_library\">\n\t\t\t\t\t\t<section class=\"elementor-section elementor-top-section elementor-element elementor-element-5e45e4a elementor-section-full_width qodef-elementor-content-grid elementor-section-height-min-height elementor-section-height-default elementor-section-items-middle\" data-id=\"5e45e4a\" data-element_type=\"section\" data-settings=\"{&quot;background_background&quot;:&quot;classic&quot;}\">\n\t\t\t\t\t\t\t<div class=\"elementor-background-overlay\"><\/div>\n\t\t\t\t\t\t\t<div class=\"elementor-container elementor-column-gap-default\">\n\t\t\t\t\t<div class=\"elementor-column elementor-col-100 elementor-top-column elementor-element elementor-element-123a545\" data-id=\"123a545\" data-element_type=\"column\">\n\t\t\t<div class=\"elementor-widget-wrap elementor-element-populated\">\n\t\t\t\t\t\t<div class=\"elementor-element elementor-element-87ca564 elementor-align-center elementor-widget elementor-widget-breadcrumbs\" data-id=\"87ca564\" data-element_type=\"widget\" data-widget_type=\"breadcrumbs.default\">\n\t\t\t\t<div class=\"elementor-widget-container\">\n\t\t\t\t\t<p id=\"breadcrumbs\"><span><span><a href=\"https:\/\/www.enyter.com\/es\/\">Inicio<\/a><\/span><\/span><\/p>\t\t\t\t<\/div>\n\t\t\t\t<\/div>\n\t\t\t\t\t<\/div>\n\t\t<\/div>\n\t\t\t\t\t<\/div>\n\t\t<\/section>\n\t\t\t\t<\/div>\n\t\t<\/div>\n\t\t\t\t\t\t<\/div>\n\t\t\t\t<\/div>\n\t\t\t\t\t<\/div>\n\t\t<\/div>\n\t\t\t\t\t<\/div>\n\t\t<\/section>\n\t\t\t\t<section class=\"elementor-section elementor-top-section elementor-element elementor-element-a6cc701 elementor-section-boxed elementor-section-height-default elementor-section-height-default qodef-elementor-content-no\" data-id=\"a6cc701\" data-element_type=\"section\" data-settings=\"{&quot;background_background&quot;:&quot;classic&quot;}\">\n\t\t\t\t\t\t<div class=\"elementor-container elementor-column-gap-default\">\n\t\t\t\t\t<div class=\"elementor-column elementor-col-50 elementor-top-column elementor-element elementor-element-44860679\" data-id=\"44860679\" data-element_type=\"column\">\n\t\t\t<div class=\"elementor-widget-wrap elementor-element-populated\">\n\t\t\t\t\t\t<div class=\"elementor-element elementor-element-13255fd2 elementor-widget elementor-widget-cleversoft_core_section_title\" data-id=\"13255fd2\" data-element_type=\"widget\" data-widget_type=\"cleversoft_core_section_title.default\">\n\t\t\t\t<div class=\"elementor-widget-container\">\n\t\t\t\t\t<div class=\"qodef-shortcode qodef-m  qodef-section-title qodef-alignment--left \">\n\t\t\t<h2 class=\"qodef-m-title\" >\n\t\t\u00danete a Enyter!\t\t<\/h2>\n\t\t<\/div>\t\t\t\t<\/div>\n\t\t\t\t<\/div>\n\t\t\t\t<div class=\"elementor-element elementor-element-2e4177a5 elementor-widget elementor-widget-text-editor\" data-id=\"2e4177a5\" data-element_type=\"widget\" data-widget_type=\"text-editor.default\">\n\t\t\t\t<div class=\"elementor-widget-container\">\n\t\t\t\t\t\t\t\t\t<p>Enyter es la alianza de una multitud de capacidades.<\/p>\n<p><strong>Una s\u00f3la palabra: satisfacci\u00f3n del cliente.<\/strong><\/p>\n<p>En Enyter: encontrar\u00e1s cero monoton\u00eda y mucho espacio al dinamismo. Las misiones y tareas son variadas y diversificadas. <em><br \/><\/em><\/p>\n\t\t\t\t\t\t\t\t<\/div>\n\t\t\t\t<\/div>\n\t\t\t\t\t<\/div>\n\t\t<\/div>\n\t\t\t\t<div class=\"elementor-column elementor-col-50 elementor-top-column elementor-element elementor-element-28607e2\" data-id=\"28607e2\" data-element_type=\"column\">\n\t\t\t<div class=\"elementor-widget-wrap elementor-element-populated\">\n\t\t\t\t\t\t<div class=\"elementor-element elementor-element-4c3f902c elementor-widget elementor-widget-text-editor\" data-id=\"4c3f902c\" data-element_type=\"widget\" data-widget_type=\"text-editor.default\">\n\t\t\t\t<div class=\"elementor-widget-container\">\n\t\t\t\t\t\t\t\t\t<h4>Interesad@?<\/h4>\n<p>M\u00e1ndanos tu CV y carta de motivaci\u00f3n por email:<\/p>\n\t\t\t\t\t\t\t\t<\/div>\n\t\t\t\t<\/div>\n\t\t\t\t<div class=\"elementor-element elementor-element-577414e7 elementor-widget elementor-widget-text-editor\" data-id=\"577414e7\" data-element_type=\"widget\" data-widget_type=\"text-editor.default\">\n\t\t\t\t<div class=\"elementor-widget-container\">\n\t\t\t\t\t\t\t\t\t<p><a href=\"mailto:recrutement@enyter.com\">recrutement@enyter.com<\/a><\/p>\n\t\t\t\t\t\t\t\t<\/div>\n\t\t\t\t<\/div>\n\t\t\t\t\t<\/div>\n\t\t<\/div>\n\t\t\t\t\t<\/div>\n\t\t<\/section>\n\t\t\t\t<\/div>\n\t\t","protected":false},"excerpt":{"rendered":"<p>\u00danete a Enyter! Enyter es la alianza de una multitud de capacidades. Una s\u00f3la palabra: satisfacci\u00f3n del cliente. En Enyter: encontrar\u00e1s cero monoton\u00eda y mucho espacio al dinamismo. Las misiones y tareas son variadas y diversificadas. Interesad@? M\u00e1ndanos tu CV y carta de motivaci\u00f3n por email: recrutement@enyter.com<\/p>\n","protected":false},"author":2,"featured_media":0,"parent":0,"menu_order":0,"comment_status":"closed","ping_status":"closed","template":"page-full-width.php","meta":{"footnotes":""},"class_list":["post-13963","page","type-page","status-publish","hentry"],"yoast_head":"<!-- This site is optimized with the Yoast SEO plugin v27.4 - https:\/\/yoast.com\/product\/yoast-seo-wordpress\/ -->\n<title>Oferta de trabajo - Enyter<\/title>\n<meta name=\"robots\" content=\"index, follow, max-snippet:-1, max-image-preview:large, max-video-preview:-1\" \/>\n<link rel=\"canonical\" href=\"https:\/\/www.enyter.com\/es\/oferta-de-trabajo\/\" \/>\n<meta property=\"og:locale\" content=\"es_ES\" \/>\n<meta property=\"og:type\" content=\"article\" \/>\n<meta property=\"og:title\" content=\"Oferta de trabajo - Enyter\" \/>\n<meta property=\"og:description\" content=\"\u00danete a Enyter! Enyter es la alianza de una multitud de capacidades. Una s\u00f3la palabra: satisfacci\u00f3n del cliente. En Enyter: encontrar\u00e1s cero monoton\u00eda y mucho espacio al dinamismo. Las misiones y tareas son variadas y diversificadas. Interesad@? M\u00e1ndanos tu CV y carta de motivaci\u00f3n por email: recrutement@enyter.com\" \/>\n<meta property=\"og:url\" content=\"https:\/\/www.enyter.com\/es\/oferta-de-trabajo\/\" \/>\n<meta property=\"og:site_name\" content=\"Enyter\" \/>\n<meta property=\"article:modified_time\" content=\"2021-08-30T16:21:15+00:00\" \/>\n<meta name=\"twitter:card\" content=\"summary_large_image\" \/>\n<script type=\"application\/ld+json\" class=\"yoast-schema-graph\">{\"@context\":\"https:\\\/\\\/schema.org\",\"@graph\":[{\"@type\":\"WebPage\",\"@id\":\"https:\\\/\\\/www.enyter.com\\\/es\\\/oferta-de-trabajo\\\/\",\"url\":\"https:\\\/\\\/www.enyter.com\\\/es\\\/oferta-de-trabajo\\\/\",\"name\":\"Oferta de trabajo - Enyter\",\"isPartOf\":{\"@id\":\"https:\\\/\\\/www.enyter.com\\\/es\\\/#website\"},\"datePublished\":\"2021-08-23T13:33:56+00:00\",\"dateModified\":\"2021-08-30T16:21:15+00:00\",\"breadcrumb\":{\"@id\":\"https:\\\/\\\/www.enyter.com\\\/es\\\/oferta-de-trabajo\\\/#breadcrumb\"},\"inLanguage\":\"es\",\"potentialAction\":[{\"@type\":\"ReadAction\",\"target\":[\"https:\\\/\\\/www.enyter.com\\\/es\\\/oferta-de-trabajo\\\/\"]}]},{\"@type\":\"BreadcrumbList\",\"@id\":\"https:\\\/\\\/www.enyter.com\\\/es\\\/oferta-de-trabajo\\\/#breadcrumb\",\"itemListElement\":[{\"@type\":\"ListItem\",\"position\":1,\"name\":\"Inicio\",\"item\":\"https:\\\/\\\/www.enyter.com\\\/es\\\/\"},{\"@type\":\"ListItem\",\"position\":2,\"name\":\"Oferta de trabajo\"}]},{\"@type\":\"WebSite\",\"@id\":\"https:\\\/\\\/www.enyter.com\\\/es\\\/#website\",\"url\":\"https:\\\/\\\/www.enyter.com\\\/es\\\/\",\"name\":\"Enyter\",\"description\":\"Sp\u00e9cialiste de la mobilit\u00e9\",\"potentialAction\":[{\"@type\":\"SearchAction\",\"target\":{\"@type\":\"EntryPoint\",\"urlTemplate\":\"https:\\\/\\\/www.enyter.com\\\/es\\\/?s={search_term_string}\"},\"query-input\":{\"@type\":\"PropertyValueSpecification\",\"valueRequired\":true,\"valueName\":\"search_term_string\"}}],\"inLanguage\":\"es\"}]}<\/script>\n<!-- \/ Yoast SEO plugin. -->","yoast_head_json":{"title":"Oferta de trabajo - Enyter","robots":{"index":"index","follow":"follow","max-snippet":"max-snippet:-1","max-image-preview":"max-image-preview:large","max-video-preview":"max-video-preview:-1"},"canonical":"https:\/\/www.enyter.com\/es\/oferta-de-trabajo\/","og_locale":"es_ES","og_type":"article","og_title":"Oferta de trabajo - Enyter","og_description":"\u00danete a Enyter! Enyter es la alianza de una multitud de capacidades. Una s\u00f3la palabra: satisfacci\u00f3n del cliente. En Enyter: encontrar\u00e1s cero monoton\u00eda y mucho espacio al dinamismo. Las misiones y tareas son variadas y diversificadas. Interesad@? M\u00e1ndanos tu CV y carta de motivaci\u00f3n por email: recrutement@enyter.com","og_url":"https:\/\/www.enyter.com\/es\/oferta-de-trabajo\/","og_site_name":"Enyter","article_modified_time":"2021-08-30T16:21:15+00:00","twitter_card":"summary_large_image","schema":{"@context":"https:\/\/schema.org","@graph":[{"@type":"WebPage","@id":"https:\/\/www.enyter.com\/es\/oferta-de-trabajo\/","url":"https:\/\/www.enyter.com\/es\/oferta-de-trabajo\/","name":"Oferta de trabajo - Enyter","isPartOf":{"@id":"https:\/\/www.enyter.com\/es\/#website"},"datePublished":"2021-08-23T13:33:56+00:00","dateModified":"2021-08-30T16:21:15+00:00","breadcrumb":{"@id":"https:\/\/www.enyter.com\/es\/oferta-de-trabajo\/#breadcrumb"},"inLanguage":"es","potentialAction":[{"@type":"ReadAction","target":["https:\/\/www.enyter.com\/es\/oferta-de-trabajo\/"]}]},{"@type":"BreadcrumbList","@id":"https:\/\/www.enyter.com\/es\/oferta-de-trabajo\/#breadcrumb","itemListElement":[{"@type":"ListItem","position":1,"name":"Inicio","item":"https:\/\/www.enyter.com\/es\/"},{"@type":"ListItem","position":2,"name":"Oferta de trabajo"}]},{"@type":"WebSite","@id":"https:\/\/www.enyter.com\/es\/#website","url":"https:\/\/www.enyter.com\/es\/","name":"Enyter","description":"Sp\u00e9cialiste de la mobilit\u00e9","potentialAction":[{"@type":"SearchAction","target":{"@type":"EntryPoint","urlTemplate":"https:\/\/www.enyter.com\/es\/?s={search_term_string}"},"query-input":{"@type":"PropertyValueSpecification","valueRequired":true,"valueName":"search_term_string"}}],"inLanguage":"es"}]}},"_links":{"self":[{"href":"https:\/\/www.enyter.com\/es\/wp-json\/wp\/v2\/pages\/13963","targetHints":{"allow":["GET"]}}],"collection":[{"href":"https:\/\/www.enyter.com\/es\/wp-json\/wp\/v2\/pages"}],"about":[{"href":"https:\/\/www.enyter.com\/es\/wp-json\/wp\/v2\/types\/page"}],"author":[{"embeddable":true,"href":"https:\/\/www.enyter.com\/es\/wp-json\/wp\/v2\/users\/2"}],"replies":[{"embeddable":true,"href":"https:\/\/www.enyter.com\/es\/wp-json\/wp\/v2\/comments?post=13963"}],"version-history":[{"count":3,"href":"https:\/\/www.enyter.com\/es\/wp-json\/wp\/v2\/pages\/13963\/revisions"}],"predecessor-version":[{"id":14117,"href":"https:\/\/www.enyter.com\/es\/wp-json\/wp\/v2\/pages\/13963\/revisions\/14117"}],"wp:attachment":[{"href":"https:\/\/www.enyter.com\/es\/wp-json\/wp\/v2\/media?parent=13963"}],"curies":[{"name":"wp","href":"https:\/\/api.w.org\/{rel}","templated":true}]}}