{"id":13965,"date":"2021-08-23T15:38:04","date_gmt":"2021-08-23T13:38:04","guid":{"rendered":"https:\/\/www.enyter.com\/contact\/"},"modified":"2025-07-07T19:55:02","modified_gmt":"2025-07-07T17:55:02","slug":"contacto","status":"publish","type":"page","link":"https:\/\/www.enyter.com\/es\/contacto\/","title":{"rendered":"Contacto"},"content":{"rendered":"\t\t<div data-elementor-type=\"wp-page\" data-elementor-id=\"13965\" class=\"elementor elementor-13965 elementor-4101\" data-elementor-post-type=\"page\">\n\t\t\t\t\t\t<section class=\"elementor-section elementor-top-section elementor-element elementor-element-f9b75c2 elementor-section-full_width elementor-section-height-default elementor-section-height-default qodef-elementor-content-no\" data-id=\"f9b75c2\" data-element_type=\"section\">\n\t\t\t\t\t\t<div class=\"elementor-container elementor-column-gap-default\">\n\t\t\t\t\t<div class=\"elementor-column elementor-col-100 elementor-top-column elementor-element elementor-element-1fb6acc\" data-id=\"1fb6acc\" data-element_type=\"column\">\n\t\t\t<div class=\"elementor-widget-wrap elementor-element-populated\">\n\t\t\t\t\t\t<div class=\"elementor-element elementor-element-1918ecc elementor-widget elementor-widget-shortcode\" data-id=\"1918ecc\" data-element_type=\"widget\" data-widget_type=\"shortcode.default\">\n\t\t\t\t<div class=\"elementor-widget-container\">\n\t\t\t\t\t\t\t<div class=\"elementor-shortcode\">\t\t<div data-elementor-type=\"page\" data-elementor-id=\"13905\" class=\"elementor elementor-13905 elementor-13715\" data-elementor-post-type=\"elementor_library\">\n\t\t\t\t\t\t<section class=\"elementor-section elementor-top-section elementor-element elementor-element-5e45e4a elementor-section-full_width qodef-elementor-content-grid elementor-section-height-min-height elementor-section-height-default elementor-section-items-middle\" data-id=\"5e45e4a\" data-element_type=\"section\" data-settings=\"{&quot;background_background&quot;:&quot;classic&quot;}\">\n\t\t\t\t\t\t\t<div class=\"elementor-background-overlay\"><\/div>\n\t\t\t\t\t\t\t<div class=\"elementor-container elementor-column-gap-default\">\n\t\t\t\t\t<div class=\"elementor-column elementor-col-100 elementor-top-column elementor-element elementor-element-123a545\" data-id=\"123a545\" data-element_type=\"column\">\n\t\t\t<div class=\"elementor-widget-wrap elementor-element-populated\">\n\t\t\t\t\t\t<div class=\"elementor-element elementor-element-87ca564 elementor-align-center elementor-widget elementor-widget-breadcrumbs\" data-id=\"87ca564\" data-element_type=\"widget\" data-widget_type=\"breadcrumbs.default\">\n\t\t\t\t<div class=\"elementor-widget-container\">\n\t\t\t\t\t<p id=\"breadcrumbs\"><span><span><a href=\"https:\/\/www.enyter.com\/es\/\">Inicio<\/a><\/span><\/span><\/p>\t\t\t\t<\/div>\n\t\t\t\t<\/div>\n\t\t\t\t\t<\/div>\n\t\t<\/div>\n\t\t\t\t\t<\/div>\n\t\t<\/section>\n\t\t\t\t<\/div>\n\t\t<\/div>\n\t\t\t\t\t\t<\/div>\n\t\t\t\t<\/div>\n\t\t\t\t\t<\/div>\n\t\t<\/div>\n\t\t\t\t\t<\/div>\n\t\t<\/section>\n\t\t\t\t<section class=\"elementor-section elementor-top-section elementor-element elementor-element-a6cc701 elementor-section-boxed elementor-section-height-default elementor-section-height-default qodef-elementor-content-no\" data-id=\"a6cc701\" data-element_type=\"section\" data-settings=\"{&quot;background_background&quot;:&quot;classic&quot;}\">\n\t\t\t\t\t\t<div class=\"elementor-container elementor-column-gap-default\">\n\t\t\t\t\t<div class=\"elementor-column elementor-col-100 elementor-top-column elementor-element elementor-element-44860679\" data-id=\"44860679\" data-element_type=\"column\">\n\t\t\t<div class=\"elementor-widget-wrap elementor-element-populated\">\n\t\t\t\t\t\t<div class=\"elementor-element elementor-element-13255fd2 elementor-widget elementor-widget-cleversoft_core_section_title\" data-id=\"13255fd2\" data-element_type=\"widget\" data-widget_type=\"cleversoft_core_section_title.default\">\n\t\t\t\t<div class=\"elementor-widget-container\">\n\t\t\t\t\t<div class=\"qodef-shortcode qodef-m  qodef-section-title qodef-alignment--left \">\n\t\t<h6 class=\"qodef-m-subtitle\" style=\"margin-bottom: 8px\">Para todas las solicitudes<\/h6>\n\t\t<h3 class=\"qodef-m-title\" >\n\t\t\u00bfNecesita informaci\u00f3n o un presupuesto?\t\t<\/h3>\n\t\t<\/div>\t\t\t\t<\/div>\n\t\t\t\t<\/div>\n\t\t\t\t<div class=\"elementor-element elementor-element-2e4177a5 elementor-widget elementor-widget-text-editor\" data-id=\"2e4177a5\" data-element_type=\"widget\" data-widget_type=\"text-editor.default\">\n\t\t\t\t<div class=\"elementor-widget-container\">\n\t\t\t\t\t\t\t\t\t<p><em>Si est\u00e1s leyendo esto, seguro que tienes al menos una pregunta, as\u00ed que no lo dudes:<\/em><\/p>\t\t\t\t\t\t\t\t<\/div>\n\t\t\t\t<\/div>\n\t\t\t\t\t<\/div>\n\t\t<\/div>\n\t\t\t\t\t<\/div>\n\t\t<\/section>\n\t\t\t\t<section class=\"elementor-section elementor-top-section elementor-element elementor-element-5e8ce7c9 elementor-section-boxed elementor-section-height-default elementor-section-height-default qodef-elementor-content-no\" data-id=\"5e8ce7c9\" data-element_type=\"section\" data-settings=\"{&quot;background_background&quot;:&quot;classic&quot;}\">\n\t\t\t\t\t\t<div class=\"elementor-container elementor-column-gap-default\">\n\t\t\t\t\t<div class=\"elementor-column elementor-col-50 elementor-top-column elementor-element elementor-element-186bb0b4 custom-blue-links\" data-id=\"186bb0b4\" data-element_type=\"column\">\n\t\t\t<div class=\"elementor-widget-wrap elementor-element-populated\">\n\t\t\t\t\t\t<div class=\"elementor-element elementor-element-4c3f902c elementor-widget elementor-widget-text-editor\" data-id=\"4c3f902c\" data-element_type=\"widget\" data-widget_type=\"text-editor.default\">\n\t\t\t\t<div class=\"elementor-widget-container\">\n\t\t\t\t\t\t\t\t\t<p>Direcci\u00f3n:<br><a href=\"https:\/\/www.google.com\/maps\/place\/41+Rue+Camille+Desmoulins,+92130+Issy-les-Moulineaux\/@48.8284435,2.2611243,17z\/data=!3m1!4b1!4m5!3m4!1s0x47e67a900540d77d:0xc7884ef1df25cf0b!8m2!3d48.82844!4d2.263313\" target=\"_blank\" rel=\"noopener\">41 Rue Camille Desmoulins<br>92130 Issy-les-Moulineaux<\/a><\/p>\t\t\t\t\t\t\t\t<\/div>\n\t\t\t\t<\/div>\n\t\t\t\t<div class=\"elementor-element elementor-element-577414e7 elementor-widget elementor-widget-text-editor\" data-id=\"577414e7\" data-element_type=\"widget\" data-widget_type=\"text-editor.default\">\n\t\t\t\t<div class=\"elementor-widget-container\">\n\t\t\t\t\t\t\t\t\t<p>Correo electr\u00f3nico: <a href=\"mailto:contact@enyter.com\">contact@enyter.com<\/a><\/p>\t\t\t\t\t\t\t\t<\/div>\n\t\t\t\t<\/div>\n\t\t\t\t<div class=\"elementor-element elementor-element-d7be0b3 elementor-widget elementor-widget-text-editor\" data-id=\"d7be0b3\" data-element_type=\"widget\" data-widget_type=\"text-editor.default\">\n\t\t\t\t<div class=\"elementor-widget-container\">\n\t\t\t\t\t\t\t\t\t<p>Tel\u00e9fono: <a href=\"tel:projects@cleversoft.com\">+33 (0)1 30 84 08 18<\/a><\/p>\t\t\t\t\t\t\t\t<\/div>\n\t\t\t\t<\/div>\n\t\t\t\t\t<\/div>\n\t\t<\/div>\n\t\t\t\t<div class=\"elementor-column elementor-col-50 elementor-top-column elementor-element elementor-element-138b1d69\" data-id=\"138b1d69\" data-element_type=\"column\">\n\t\t\t<div class=\"elementor-widget-wrap elementor-element-populated\">\n\t\t\t\t\t\t<div class=\"elementor-element elementor-element-bede61e elementor-button-align-stretch elementor-widget elementor-widget-form\" data-id=\"bede61e\" data-element_type=\"widget\" data-settings=\"{&quot;step_next_label&quot;:&quot;Siguiente&quot;,&quot;step_previous_label&quot;:&quot;Anterior&quot;,&quot;step_type&quot;:&quot;number&quot;,&quot;button_width&quot;:&quot;100&quot;,&quot;step_icon_shape&quot;:&quot;circle&quot;}\" data-widget_type=\"form.default\">\n\t\t\t\t<div class=\"elementor-widget-container\">\n\t\t\t\t\t\t\t<form class=\"elementor-form\" method=\"post\" name=\"Empleado\" aria-label=\"Empleado\">\n\t\t\t<input type=\"hidden\" name=\"post_id\" value=\"13965\"\/>\n\t\t\t<input type=\"hidden\" name=\"form_id\" value=\"bede61e\"\/>\n\t\t\t<input type=\"hidden\" name=\"referer_title\" value=\"Enyter\" \/>\n\n\t\t\t\n\t\t\t<div class=\"elementor-form-fields-wrapper elementor-labels-above\">\n\t\t\t\t\t\t\t\t<div class=\"elementor-field-type-text elementor-field-group elementor-column elementor-field-group-nom elementor-col-50 elementor-field-required\">\n\t\t\t\t\t\t\t\t\t\t\t\t<label for=\"form-field-nom\" class=\"elementor-field-label\">\n\t\t\t\t\t\t\t\tSu nombre completo\t\t\t\t\t\t\t<\/label>\n\t\t\t\t\t\t\t\t\t\t\t\t\t\t<input size=\"1\" type=\"text\" name=\"form_fields[nom]\" id=\"form-field-nom\" class=\"elementor-field elementor-size-lg  elementor-field-textual\" placeholder=\"Marie Carpentier\" required=\"required\">\n\t\t\t\t\t\t\t\t\t\t\t<\/div>\n\t\t\t\t\t\t\t\t<div class=\"elementor-field-type-email elementor-field-group elementor-column elementor-field-group-mail elementor-col-50 elementor-field-required\">\n\t\t\t\t\t\t\t\t\t\t\t\t<label for=\"form-field-mail\" class=\"elementor-field-label\">\n\t\t\t\t\t\t\t\tCorreo electr\u00f3nico\t\t\t\t\t\t\t<\/label>\n\t\t\t\t\t\t\t\t\t\t\t\t\t\t<input size=\"1\" type=\"email\" name=\"form_fields[mail]\" id=\"form-field-mail\" class=\"elementor-field elementor-size-lg  elementor-field-textual\" placeholder=\"Correo electr\u00f3nico\" required=\"required\">\n\t\t\t\t\t\t\t\t\t\t\t<\/div>\n\t\t\t\t\t\t\t\t<div class=\"elementor-field-type-textarea elementor-field-group elementor-column elementor-field-group-message elementor-col-100\">\n\t\t\t\t\t\t\t\t\t\t\t\t<label for=\"form-field-message\" class=\"elementor-field-label\">\n\t\t\t\t\t\t\t\tMensaje\t\t\t\t\t\t\t<\/label>\n\t\t\t\t\t\t<textarea class=\"elementor-field-textual elementor-field  elementor-size-lg\" name=\"form_fields[message]\" id=\"form-field-message\" rows=\"4\" placeholder=\"Mensaje\"><\/textarea>\t\t\t\t<\/div>\n\t\t\t\t\t\t\t\t<div class=\"elementor-field-type-acceptance elementor-field-group elementor-column elementor-field-group-field_d457a5c elementor-col-100 elementor-field-required\">\n\t\t\t\t\t\t\t<div class=\"elementor-field-subgroup\">\n\t\t\t<span class=\"elementor-field-option\">\n\t\t\t\t<input type=\"checkbox\" name=\"form_fields[field_d457a5c]\" id=\"form-field-field_d457a5c\" class=\"elementor-field elementor-size-lg  elementor-acceptance-field\" required=\"required\">\n\t\t\t\t<label for=\"form-field-field_d457a5c\">Acepto las <a href=\"https:\/\/www.enyter.com\/mentions-legales\/\" target=\"_blank\">condiciones generales<\/a> y la <a href=\"https:\/\/www.enyter.com\/politique-de-confidentialite\/\" target=\"_blank\">pol\u00edtica de privacidad<\/a> de Enyter.<\/label>\t\t\t<\/span>\n\t\t<\/div>\n\t\t\t\t\t\t<\/div>\n\t\t\t\t\t\t\t\t<div class=\"elementor-field-type-recaptcha_v3 elementor-field-group elementor-column elementor-field-group-field_f6c67e7 elementor-col-100 recaptcha_v3-bottomright\">\n\t\t\t\t\t<div class=\"elementor-field\" id=\"form-field-field_f6c67e7\"><div class=\"elementor-g-recaptcha\" data-sitekey=\"6Le22MsgAAAAAB96bkRhuido_8AKLUSpiVihL53Y\" data-type=\"v3\" data-action=\"Form\" data-badge=\"bottomright\" data-size=\"invisible\"><\/div><\/div>\t\t\t\t<\/div>\n\t\t\t\t\t\t\t\t<div class=\"elementor-field-group elementor-column elementor-field-type-submit elementor-col-100 e-form__buttons\">\n\t\t\t\t\t<button class=\"elementor-button elementor-size-md\" type=\"submit\">\n\t\t\t\t\t\t<span class=\"elementor-button-content-wrapper\">\n\t\t\t\t\t\t\t\t\t\t\t\t\t\t\t\t\t\t\t\t\t\t<span class=\"elementor-button-text\">Enviar<\/span>\n\t\t\t\t\t\t\t\t\t\t\t\t\t<\/span>\n\t\t\t\t\t<\/button>\n\t\t\t\t<\/div>\n\t\t\t<\/div>\n\t\t<\/form>\n\t\t\t\t\t\t<\/div>\n\t\t\t\t<\/div>\n\t\t\t\t\t<\/div>\n\t\t<\/div>\n\t\t\t\t\t<\/div>\n\t\t<\/section>\n\t\t\t\t<\/div>\n\t\t","protected":false},"excerpt":{"rendered":"<p>Para todas las solicitudes \u00bfNecesita informaci\u00f3n o un presupuesto? Si est\u00e1s leyendo esto, seguro que tienes al menos una pregunta, as\u00ed que no lo dudes: Direcci\u00f3n:41 Rue Camille Desmoulins92130 Issy-les-Moulineaux Correo electr\u00f3nico: contact@enyter.com Tel\u00e9fono: +33 (0)1 30 84 08 18<\/p>\n","protected":false},"author":2,"featured_media":0,"parent":0,"menu_order":0,"comment_status":"closed","ping_status":"closed","template":"page-full-width.php","meta":{"footnotes":""},"class_list":["post-13965","page","type-page","status-publish","hentry"],"yoast_head":"<!-- This site is optimized with the Yoast SEO plugin v27.6 - https:\/\/yoast.com\/product\/yoast-seo-wordpress\/ -->\n<title>Contacto - Enyter<\/title>\n<meta name=\"robots\" content=\"index, follow, max-snippet:-1, max-image-preview:large, max-video-preview:-1\" \/>\n<link rel=\"canonical\" href=\"https:\/\/www.enyter.com\/es\/contacto\/\" \/>\n<meta property=\"og:locale\" content=\"es_ES\" \/>\n<meta property=\"og:type\" content=\"article\" \/>\n<meta property=\"og:title\" content=\"Contacto - Enyter\" \/>\n<meta property=\"og:description\" content=\"Para todas las solicitudes \u00bfNecesita informaci\u00f3n o un presupuesto? Si est\u00e1s leyendo esto, seguro que tienes al menos una pregunta, as\u00ed que no lo dudes: Direcci\u00f3n:41 Rue Camille Desmoulins92130 Issy-les-Moulineaux Correo electr\u00f3nico: contact@enyter.com Tel\u00e9fono: +33 (0)1 30 84 08 18\" \/>\n<meta property=\"og:url\" content=\"https:\/\/www.enyter.com\/es\/contacto\/\" \/>\n<meta property=\"og:site_name\" content=\"Enyter\" \/>\n<meta property=\"article:modified_time\" content=\"2025-07-07T17:55:02+00:00\" \/>\n<meta name=\"twitter:card\" content=\"summary_large_image\" \/>\n<script type=\"application\/ld+json\" class=\"yoast-schema-graph\">{\"@context\":\"https:\\\/\\\/schema.org\",\"@graph\":[{\"@type\":\"WebPage\",\"@id\":\"https:\\\/\\\/www.enyter.com\\\/es\\\/contacto\\\/\",\"url\":\"https:\\\/\\\/www.enyter.com\\\/es\\\/contacto\\\/\",\"name\":\"Contacto - Enyter\",\"isPartOf\":{\"@id\":\"https:\\\/\\\/www.enyter.com\\\/es\\\/#website\"},\"datePublished\":\"2021-08-23T13:38:04+00:00\",\"dateModified\":\"2025-07-07T17:55:02+00:00\",\"breadcrumb\":{\"@id\":\"https:\\\/\\\/www.enyter.com\\\/es\\\/contacto\\\/#breadcrumb\"},\"inLanguage\":\"es\",\"potentialAction\":[{\"@type\":\"ReadAction\",\"target\":[\"https:\\\/\\\/www.enyter.com\\\/es\\\/contacto\\\/\"]}]},{\"@type\":\"BreadcrumbList\",\"@id\":\"https:\\\/\\\/www.enyter.com\\\/es\\\/contacto\\\/#breadcrumb\",\"itemListElement\":[{\"@type\":\"ListItem\",\"position\":1,\"name\":\"Inicio\",\"item\":\"https:\\\/\\\/www.enyter.com\\\/es\\\/\"},{\"@type\":\"ListItem\",\"position\":2,\"name\":\"Contacto\"}]},{\"@type\":\"WebSite\",\"@id\":\"https:\\\/\\\/www.enyter.com\\\/es\\\/#website\",\"url\":\"https:\\\/\\\/www.enyter.com\\\/es\\\/\",\"name\":\"Enyter\",\"description\":\"Sp\u00e9cialiste de la mobilit\u00e9\",\"potentialAction\":[{\"@type\":\"SearchAction\",\"target\":{\"@type\":\"EntryPoint\",\"urlTemplate\":\"https:\\\/\\\/www.enyter.com\\\/es\\\/?s={search_term_string}\"},\"query-input\":{\"@type\":\"PropertyValueSpecification\",\"valueRequired\":true,\"valueName\":\"search_term_string\"}}],\"inLanguage\":\"es\"}]}<\/script>\n<!-- \/ Yoast SEO plugin. -->","yoast_head_json":{"title":"Contacto - Enyter","robots":{"index":"index","follow":"follow","max-snippet":"max-snippet:-1","max-image-preview":"max-image-preview:large","max-video-preview":"max-video-preview:-1"},"canonical":"https:\/\/www.enyter.com\/es\/contacto\/","og_locale":"es_ES","og_type":"article","og_title":"Contacto - Enyter","og_description":"Para todas las solicitudes \u00bfNecesita informaci\u00f3n o un presupuesto? Si est\u00e1s leyendo esto, seguro que tienes al menos una pregunta, as\u00ed que no lo dudes: Direcci\u00f3n:41 Rue Camille Desmoulins92130 Issy-les-Moulineaux Correo electr\u00f3nico: contact@enyter.com Tel\u00e9fono: +33 (0)1 30 84 08 18","og_url":"https:\/\/www.enyter.com\/es\/contacto\/","og_site_name":"Enyter","article_modified_time":"2025-07-07T17:55:02+00:00","twitter_card":"summary_large_image","schema":{"@context":"https:\/\/schema.org","@graph":[{"@type":"WebPage","@id":"https:\/\/www.enyter.com\/es\/contacto\/","url":"https:\/\/www.enyter.com\/es\/contacto\/","name":"Contacto - Enyter","isPartOf":{"@id":"https:\/\/www.enyter.com\/es\/#website"},"datePublished":"2021-08-23T13:38:04+00:00","dateModified":"2025-07-07T17:55:02+00:00","breadcrumb":{"@id":"https:\/\/www.enyter.com\/es\/contacto\/#breadcrumb"},"inLanguage":"es","potentialAction":[{"@type":"ReadAction","target":["https:\/\/www.enyter.com\/es\/contacto\/"]}]},{"@type":"BreadcrumbList","@id":"https:\/\/www.enyter.com\/es\/contacto\/#breadcrumb","itemListElement":[{"@type":"ListItem","position":1,"name":"Inicio","item":"https:\/\/www.enyter.com\/es\/"},{"@type":"ListItem","position":2,"name":"Contacto"}]},{"@type":"WebSite","@id":"https:\/\/www.enyter.com\/es\/#website","url":"https:\/\/www.enyter.com\/es\/","name":"Enyter","description":"Sp\u00e9cialiste de la mobilit\u00e9","potentialAction":[{"@type":"SearchAction","target":{"@type":"EntryPoint","urlTemplate":"https:\/\/www.enyter.com\/es\/?s={search_term_string}"},"query-input":{"@type":"PropertyValueSpecification","valueRequired":true,"valueName":"search_term_string"}}],"inLanguage":"es"}]}},"_links":{"self":[{"href":"https:\/\/www.enyter.com\/es\/wp-json\/wp\/v2\/pages\/13965","targetHints":{"allow":["GET"]}}],"collection":[{"href":"https:\/\/www.enyter.com\/es\/wp-json\/wp\/v2\/pages"}],"about":[{"href":"https:\/\/www.enyter.com\/es\/wp-json\/wp\/v2\/types\/page"}],"author":[{"embeddable":true,"href":"https:\/\/www.enyter.com\/es\/wp-json\/wp\/v2\/users\/2"}],"replies":[{"embeddable":true,"href":"https:\/\/www.enyter.com\/es\/wp-json\/wp\/v2\/comments?post=13965"}],"version-history":[{"count":7,"href":"https:\/\/www.enyter.com\/es\/wp-json\/wp\/v2\/pages\/13965\/revisions"}],"predecessor-version":[{"id":15149,"href":"https:\/\/www.enyter.com\/es\/wp-json\/wp\/v2\/pages\/13965\/revisions\/15149"}],"wp:attachment":[{"href":"https:\/\/www.enyter.com\/es\/wp-json\/wp\/v2\/media?parent=13965"}],"curies":[{"name":"wp","href":"https:\/\/api.w.org\/{rel}","templated":true}]}}